{"id":147,"date":"2015-04-22T09:38:38","date_gmt":"2015-04-22T09:38:38","guid":{"rendered":"http:\/\/demo.shufflehound.com\/maskitto-light-green\/?page_id=18"},"modified":"2025-01-27T22:52:33","modified_gmt":"2025-01-27T21:52:33","slug":"home","status":"publish","type":"page","link":"https:\/\/uni-jpm-hinche.org\/","title":{"rendered":"Home"},"content":{"rendered":"<div id=\"pl-147\"  class=\"panel-layout\" ><div id=\"pg-147-0\"  class=\"panel-grid panel-no-style\" ><div id=\"pgc-147-0-0\"  class=\"panel-grid-cell\" >\r\n                    <style type=\"text\/css\">\r\n\r\n                \/* Custom slideshow height *\/\r\n                @media (min-width: 1070px) {\r\n\r\n                    #wrapper .page-slideshow {\r\n                        height: 620px;\r\n                        max-height: 620px;\r\n                    }\r\n\r\n                }\r\n\r\n            <\/style>\r\n        \r\n\r\n        <div class=\"page-slideshow widget-slider-accueil\">\r\n            <i class=\"fa fa-circle-o-notch fa-spin\"><\/i>\r\n            <div class=\"slideshow\">\r\n                                    <div class=\"slideshow-slide remove-shadow\" style=\"background-image: url(https:\/\/uni-jpm-hinche.org\/wp-content\/uploads\/2015\/10\/Programme-Universit-de-JPM-1.jpg);\">\r\n                        <div class=\"slide-patern\">\r\n                            <div class=\"container\">\r\n                                <div class=\"slide-details\">\r\n                                    <div><\/div>\r\n                                \r\n                                    \r\n                                    <div class=\"slide-title\">UJPM &#8211; Hinche<\/div>\r\n                                    <div><\/div>\r\n                                                                            <div class=\"slide-info\">Universit\u00e9 Jean Price-Mars<\/div>\r\n                                                                                                        <\/div>\r\n                            <\/div>\r\n                        <\/div>\r\n                    <\/div>\r\n                                            <\/div>\r\n\r\n            <div id=\"slideshow-preload\" style=\"display: none;\">\r\n                                    <img decoding=\"async\" class=\"slideshow-preload-image\" src=\"https:\/\/uni-jpm-hinche.org\/wp-content\/uploads\/2015\/10\/Programme-Universit-de-JPM-1.jpg\" height=\"1\" alt=\"Loaded\" \/>\r\n                            <\/div>\r\n        <\/div>\r\n\r\n\r\n    \r\n    <div id=\"panel-147-0-0-1\" class=\"so-panel widget widget_maskitto_services\" data-index=\"1\" >        <div class=\"page-section page-section-testimoninals\">\r\n            <div class=\"container\">\r\n\r\n                                <div class=\"section-title text-center\">\r\n                                            <h3>Bienvenue<\/h3>\r\n                                                            <div class=\"section-title-line\"><\/div>\r\n                <\/div>\r\n                \r\n                <div class=\"testimonials-list\">\r\n                    \r\n                        <div class=\"testimonials-item\">\r\n                            <div class=\"testimonials-image\" style=\"background-image: url(http:\/\/uni-jpm-hinche.org\/wp-content\/uploads\/2015\/10\/jean-claude.png);\"><\/div>\r\n                            <div class=\"text-center\"><\/div>\r\n                            <div class=\"testimonials-text\"><i>Plusieurs universit\u00e9s de Port-au-Prince ont \u00e9t\u00e9 d\u00e9truites par le s\u00e9isme du 12 janvier 2010, laissant des milliers d\u2019\u00e9tudiants et de professeurs sous les d\u00e9combres. Le besoin de poursuivre leur formation universitaire est primordial pour les jeunes rescap\u00e9s. Pour r\u00e9pondre durablement \u00e0 leurs besoins, pour favoriser la formation et l\u2019implantation des professionnels qualifi\u00e9s dans le Plateau Central, nous avons d\u00e9cid\u00e9 d\u2019ouvrir une universit\u00e9 \u00e0 Hinche. Les disciplines enseign\u00e9es depuis avril 2010 sont la gestion d\u2019entreprise, la comptabilit\u00e9, le g\u00e9nie civil, l\u2019agronomie, les sciences infirmi\u00e8res et le droit des affaires. Les enseignements sont donn\u00e9s \u00e0 Hinche par une filiale de l\u2019Universit\u00e9 Jean Price-Mars. La construction d\u2019un campus est en voie d\u2019ach\u00e8vement dans un parc de 10 hectares. UJPM Hinche disposera bient\u00f4t d\u2019une structure pouvant accueillir entre 6\u2019000 et 10\u2019000 \u00e9tudiants. Nous ne m\u00e9nageons pas nos efforts pour cr\u00e9er de nouvelles formations plus adapt\u00e9es aux besoins de l\u2019\u00e9conomie ha\u00eftienne. Je vous souhaite la Bienvenue \u00e0 l\u2019Universit\u00e9 Jean Price Mars de Hinche.<\/i><\/div>\r\n                            <div class=\"testimonials-author\">Jean Claude Fan\u00e7ois - Le recteur<\/div>\r\n                            <div class=\"testimonials-icon\"><i class=\"fa fa-quote-right\"><\/i><\/div>\r\n                        <\/div>\r\n\r\n                                    <\/div>\r\n\r\n            <\/div>\r\n        <\/div>\r\n    <\/div>\r\n    <div id=\"panel-147-0-0-2\" class=\"so-panel widget widget_maskitto_include_other_page\" data-index=\"2\" >\t        <div id=\"page-id-32\" class=\"page- page-section\" style=\"background-color: #f9f9f9;\">\r\n\t            <div class=\"container page-list page-no-subtitle\">\r\n\r\n\r\n\t                \r\n\t                    \t                        <div class=\"page-node section-title text-center\">\r\n\t                            <h3 style=\"\">\r\n\t                            \t\t                                \tUniversit\u00e9 Jean Price-Mars\t                                \t                                \t                            <\/h3>\r\n\r\n\t                            \r\n\t                            \t                                <div class=\"section-title-line\"><\/div>\r\n\t                            \t                        <\/div>\r\n\t                    \r\n\t                    \t                        <div class=\"page-node section-content\" style=\"\">\r\n\t                            <div class=\"post-inner\">\r\n\t                                \n<h3 class=\"wp-block-heading\">L&rsquo;universit\u00e9<\/h3>\n\n\n\n<p>La construction est termin\u00e9e et les cours y sont donn\u00e9s depuis Novembre 2014. L\u2019universit\u00e9 est situ\u00e9e \u00e0 Rhod\u00e9, \u00e0 env. 3 km d\u2019Hinche. Les premiers \u00e9tudiants recevront leur dipl\u00f4me \u00e0 la fin 2015 dans les disciplines des Sciences Infirmi\u00e8res, des Sciences Economiques et Commerciales, en G\u00e9nie Civil, en Agronomie et en Droit (ma\u00eetrise). En fait, l\u2019universit\u00e9 fonctionnait d\u00e9j\u00e0 avant sous le nom de Jean Price Mars mais dans d\u2019anciens b\u00e2timents.<\/p>\n\n\n\n<a href=\"https:\/\/uni-jpm-hinche.org\/index.php\/about-us\/\" class=\"btn btn-default page-node\"><i class=\"fa fa-angle-right\"><\/i>Read more<\/a>\t                            <\/div>\r\n\t                        <\/div>\r\n\t                    \r\n\t                \r\n\r\n\t                            \r\n\r\n\r\n\t                \t                \r\n\r\n\t\t\t\t\t\t\t                \t                \t            <\/div>\r\n\t        <\/div>\r\n\r\n\r\n\t        \r\n\r\n\t\t<\/div>\r\n    <div id=\"panel-147-0-0-3\" class=\"so-panel widget widget_maskitto_projects\" data-index=\"3\" >                    <div class=\"page-section\" style=\"padding-bottom: 0;\">\r\n                <div class=\"container page-no-subtitle\">\r\n                                            <div class=\"row projects-list\">\r\n                            <div class=\"section-title text-center\">\r\n                                <h3>Quelques photos<\/h3>\r\n                                                                <div class=\"section-title-line\"><\/div>\r\n                            <\/div>\r\n                        <\/div>\r\n                    \r\n                                    <\/div>\r\n            <\/div>\r\n                <div class=\"page-section\" style=\"padding: 0;\">\r\n\r\n        \r\n            <div role=\"tabpanel\" class=\"portfolio-white-space\">\r\n                <div class=\"tab-content\">\r\n                    <div role=\"tabpanel\" class=\"tab-pane fade in active\" id=\"all40658\">\r\n                        <div class=\"row portfolio-list\">\r\n                                <a href=\"http:\/\/uni-jpm-hinche.org\/wp-content\/uploads\/2015\/10\/IMGP1221.jpg\" alt=\"\" class=\"col-md-3 col-sm-6 portfolio-item\">\r\n        <div class=\"portfolio-thumb\" style=\"background-image: url(https:\/\/uni-jpm-hinche.org\/wp-content\/uploads\/2015\/10\/IMGP1221.jpg);\"><\/div>\r\n        <div class=\"portfolio-details\">\r\n            <div class=\"portfolio-details-align\">\r\n                <div class=\"portfolio-title\"><\/div>\r\n                                            <\/div>\r\n        <\/div>\r\n    <\/a>\r\n        <a href=\"http:\/\/uni-jpm-hinche.org\/wp-content\/uploads\/2015\/10\/RHODE-175.jpg\" alt=\"\" class=\"col-md-3 col-sm-6 portfolio-item\">\r\n        <div class=\"portfolio-thumb\" style=\"background-image: url(https:\/\/uni-jpm-hinche.org\/wp-content\/uploads\/2015\/10\/RHODE-175.jpg);\"><\/div>\r\n        <div class=\"portfolio-details\">\r\n            <div class=\"portfolio-details-align\">\r\n                <div class=\"portfolio-title\"><\/div>\r\n                                            <\/div>\r\n        <\/div>\r\n    <\/a>\r\n        <a href=\"http:\/\/uni-jpm-hinche.org\/wp-content\/uploads\/2015\/10\/SIGNATURE-CONVENTION-.jpg\" alt=\"\" class=\"col-md-3 col-sm-6 portfolio-item\">\r\n        <div class=\"portfolio-thumb\" style=\"background-image: url(https:\/\/uni-jpm-hinche.org\/wp-content\/uploads\/2015\/10\/SIGNATURE-CONVENTION--1024x768.jpg);\"><\/div>\r\n        <div class=\"portfolio-details\">\r\n            <div class=\"portfolio-details-align\">\r\n                <div class=\"portfolio-title\"><\/div>\r\n                                            <\/div>\r\n        <\/div>\r\n    <\/a>\r\n                            <\/div>\r\n                    <\/div>\r\n\r\n                                    <\/div>\r\n            <\/div>\r\n\r\n        <\/div>\r\n    <\/div>    \r\n        <div class=\"page-section page-blog\" style=\"background-color: #f2f4f5; padding: 0px 0!important;\">\r\n             <div id=\"panel-147-0-0-4\" class=\"so-panel widget widget_maskitto_blog\" data-index=\"4\" >\r\n            <div class=\"container\" style=\"max-width: 980px; padding: 70px 0!important;\">\r\n\r\n                <div class=\"section-title text-center\">\r\n                                            <h3>Nos derni\u00e8res actualit\u00e9s<\/h3>\r\n                                                                                    <div class=\"section-title-line\"><\/div>\r\n                                    <\/div>\r\n\r\n                <div class=\"row blog-list\">\r\n                                    <\/div>\r\n\r\n                \r\n            <\/div>\r\n\r\n            <\/div>        <\/div>\r\n        <div id=\"panel-147-0-0-5\" class=\"so-panel widget widget_maskitto_partners panel-last-child\" data-index=\"5\" >        <div class=\"page-section page-section-partners\" >\r\n            <div class=\"container page-no-subtitle\">\r\n\r\n                                <div class=\"section-title text-center\">\r\n                                            <h3>Nos partenaires<\/h3>\r\n                                                                                    <div class=\"section-title-line\"><\/div>\r\n                                    <\/div>\r\n                                \r\n                \r\n                <div class=\"partners-list\">\r\n                                                                        <div class=\"partner-item\">\r\n                                <a href=\"http:\/\/fondationcosmos.org\/\">\r\n                                    <img decoding=\"async\" height=\"100\" src=\"https:\/\/uni-jpm-hinche.org\/wp-content\/uploads\/2015\/10\/fondationcosmos.png\" class=\"attachment-post-thumbnail wp-post-image\" alt=\"fondationcosmos.org\">\r\n                                <\/a>\r\n                            <\/div>\r\n                                                                                                <div class=\"partner-item\">\r\n                                <a href=\"http:\/\/www.asase.org\/fr\/index.php\">\r\n                                    <img decoding=\"async\" height=\"100\" src=\"https:\/\/uni-jpm-hinche.org\/wp-content\/uploads\/2015\/10\/asase.png\" class=\"attachment-post-thumbnail wp-post-image\" alt=\"asase.org\">\r\n                                <\/a>\r\n                            <\/div>\r\n                                                                                                <div class=\"partner-item\">\r\n                                <a href=\"https:\/\/unev.edu.do\/\">\r\n                                    <img decoding=\"async\" height=\"100\" src=\"https:\/\/uni-jpm-hinche.org\/wp-content\/uploads\/2015\/10\/unev.png\" class=\"attachment-post-thumbnail wp-post-image\" alt=\"unev.org\">\r\n                                <\/a>\r\n                            <\/div>\r\n                                                            <\/div>\r\n            <\/div>\r\n        <\/div>\r\n    <\/div>    <\/div><\/div><\/div>","protected":false},"excerpt":{"rendered":"<p>UJPM &#8211; Hinche Universit\u00e9 Jean Price-Mars Bienvenue Plusieurs universit\u00e9s de Port-au-Prince ont \u00e9t\u00e9 d\u00e9truites par le s\u00e9isme du 12 janvier 2010, laissant des milliers d\u2019\u00e9tudiants et de professeurs sous les d\u00e9combres. Le besoin de poursuivre leur formation universitaire est primordial pour les jeunes rescap\u00e9s. Pour r\u00e9pondre durablement \u00e0 leurs besoins, pour favoriser la formation et [&hellip;]<\/p>\n","protected":false},"author":1,"featured_media":0,"parent":0,"menu_order":0,"comment_status":"closed","ping_status":"closed","template":"template-home.php","meta":{"footnotes":""},"class_list":["post-147","page","type-page","status-publish","hentry"],"_links":{"self":[{"href":"https:\/\/uni-jpm-hinche.org\/index.php\/wp-json\/wp\/v2\/pages\/147","targetHints":{"allow":["GET"]}}],"collection":[{"href":"https:\/\/uni-jpm-hinche.org\/index.php\/wp-json\/wp\/v2\/pages"}],"about":[{"href":"https:\/\/uni-jpm-hinche.org\/index.php\/wp-json\/wp\/v2\/types\/page"}],"author":[{"embeddable":true,"href":"https:\/\/uni-jpm-hinche.org\/index.php\/wp-json\/wp\/v2\/users\/1"}],"replies":[{"embeddable":true,"href":"https:\/\/uni-jpm-hinche.org\/index.php\/wp-json\/wp\/v2\/comments?post=147"}],"version-history":[{"count":13,"href":"https:\/\/uni-jpm-hinche.org\/index.php\/wp-json\/wp\/v2\/pages\/147\/revisions"}],"predecessor-version":[{"id":158,"href":"https:\/\/uni-jpm-hinche.org\/index.php\/wp-json\/wp\/v2\/pages\/147\/revisions\/158"}],"wp:attachment":[{"href":"https:\/\/uni-jpm-hinche.org\/index.php\/wp-json\/wp\/v2\/media?parent=147"}],"curies":[{"name":"wp","href":"https:\/\/api.w.org\/{rel}","templated":true}]}}