{"id":317,"date":"2015-10-16T09:22:10","date_gmt":"2015-10-16T08:22:10","guid":{"rendered":"http:\/\/uni-jpm-hinche.org\/?page_id=317"},"modified":"2015-10-16T13:14:43","modified_gmt":"2015-10-16T12:14:43","slug":"diplomes","status":"publish","type":"page","link":"https:\/\/uni-jpm-hinche.org\/index.php\/diplomes\/","title":{"rendered":"Dipl\u00f4m\u00e9s"},"content":{"rendered":"<div id=\"pl-317\"  class=\"panel-layout\" ><div id=\"pg-317-0\"  class=\"panel-grid panel-no-style\" ><div id=\"pgc-317-0-0\"  class=\"panel-grid-cell\" >\r\n                    <style type=\"text\/css\">\r\n\r\n                \/* Custom slideshow height *\/\r\n                @media (min-width: 1070px) {\r\n\r\n                    #wrapper .page-slideshow {\r\n                        height: 500px;\r\n                        max-height: 500px;\r\n                    }\r\n\r\n                }\r\n\r\n            <\/style>\r\n        \r\n\r\n        <div class=\"page-slideshow widget-slider-eleves\">\r\n            <i class=\"fa fa-circle-o-notch fa-spin\"><\/i>\r\n            <div class=\"slideshow\">\r\n                                    <div class=\"slideshow-slide remove-shadow\" style=\"background-image: url(https:\/\/uni-jpm-hinche.org\/wp-content\/uploads\/2015\/10\/eleves.jpg);\">\r\n                        <div class=\"slide-patern\">\r\n                            <div class=\"container\">\r\n                                <div class=\"slide-details\">\r\n                                    <div><\/div>\r\n                                \r\n                                    \r\n                                    <div class=\"slide-title\"><\/div>\r\n                                    <div><\/div>\r\n                                                                                                        <\/div>\r\n                            <\/div>\r\n                        <\/div>\r\n                    <\/div>\r\n                                            <\/div>\r\n\r\n            <div id=\"slideshow-preload\" style=\"display: none;\">\r\n                                    <img decoding=\"async\" class=\"slideshow-preload-image\" src=\"https:\/\/uni-jpm-hinche.org\/wp-content\/uploads\/2015\/10\/eleves.jpg\" height=\"1\" alt=\"Loaded\" \/>\r\n                            <\/div>\r\n        <\/div>\r\n\r\n\r\n    <div id=\"panel-317-0-0-1\" class=\"so-panel widget widget_text panel-last-child\" data-index=\"1\" >\t\t\t<div class=\"textwidget\">\n<table id=\"tablepress-3\" class=\"tablepress tablepress-id-3 ujpm-tablepress\">\n<thead>\n<tr class=\"row-1\">\n\t<th class=\"column-1\">Diplom\u00e9<\/th><th class=\"column-2\">Discipline<\/th><th class=\"column-3\">Date<\/th><th class=\"column-4\">Dipl\u00f4me<\/th><th class=\"column-5\">Observation<\/th>\n<\/tr>\n<\/thead>\n<tbody class=\"row-striping row-hover\">\n<tr class=\"row-2\">\n\t<td class=\"column-1\">ANEAS Lucner<\/td><td class=\"column-2\">Comptabilit\u00e9<\/td><td class=\"column-3\">2010<\/td><td class=\"column-4\">1\/2 licence<\/td><td class=\"column-5\">IGEC<\/td>\n<\/tr>\n<tr class=\"row-3\">\n\t<td class=\"column-1\">BALDE Venes<\/td><td class=\"column-2\">Comptabilit\u00e9<\/td><td class=\"column-3\">2010<\/td><td class=\"column-4\">1\/2 licence<\/td><td class=\"column-5\">IGEC<\/td>\n<\/tr>\n<tr class=\"row-4\">\n\t<td class=\"column-1\">BYCYNTHE Edgard<\/td><td class=\"column-2\">Comptabilit\u00e9<\/td><td class=\"column-3\">2010<\/td><td class=\"column-4\">1\/2 licence<\/td><td class=\"column-5\">IGEC<\/td>\n<\/tr>\n<tr class=\"row-5\">\n\t<td class=\"column-1\">ETIENNE Jocelyn<\/td><td class=\"column-2\">Comptabilit\u00e9<\/td><td class=\"column-3\">2010<\/td><td class=\"column-4\">1\/2 licence<\/td><td class=\"column-5\">IGEC<\/td>\n<\/tr>\n<tr class=\"row-6\">\n\t<td class=\"column-1\">GEORGES Marie-Aline<\/td><td class=\"column-2\">Comptabilit\u00e9<\/td><td class=\"column-3\">2010<\/td><td class=\"column-4\">1\/2 licence<\/td><td class=\"column-5\">POLYTEC<\/td>\n<\/tr>\n<tr class=\"row-7\">\n\t<td class=\"column-1\">JEAN PHILIPPE James<\/td><td class=\"column-2\">Comptabilit\u00e9<\/td><td class=\"column-3\">2010<\/td><td class=\"column-4\">1\/2 licence<\/td><td class=\"column-5\">POLYTEC<\/td>\n<\/tr>\n<tr class=\"row-8\">\n\t<td class=\"column-1\">JOANNIS J\u00e9hu<\/td><td class=\"column-2\">Comptabilit\u00e9<\/td><td class=\"column-3\">2010<\/td><td class=\"column-4\">1\/2 licence<\/td><td class=\"column-5\">IGEC<\/td>\n<\/tr>\n<tr class=\"row-9\">\n\t<td class=\"column-1\">MONFISTON J. Jocelin<\/td><td class=\"column-2\">Comptabilit\u00e9<\/td><td class=\"column-3\">2010<\/td><td class=\"column-4\">1\/2 licence<\/td><td class=\"column-5\">IGEC<\/td>\n<\/tr>\n<tr class=\"row-10\">\n\t<td class=\"column-1\">PANOSKY Wilga<\/td><td class=\"column-2\">Comptabilit\u00e9<\/td><td class=\"column-3\">2010<\/td><td class=\"column-4\">1\/2 licence<\/td><td class=\"column-5\">POLYTEC<\/td>\n<\/tr>\n<tr class=\"row-11\">\n\t<td class=\"column-1\">PHILOME Hemane<\/td><td class=\"column-2\">Comptabilit\u00e9<\/td><td class=\"column-3\">2010<\/td><td class=\"column-4\">1\/2 licence<\/td><td class=\"column-5\">IGEC<\/td>\n<\/tr>\n<tr class=\"row-12\">\n\t<td class=\"column-1\">PIERRE F\u00e9lix<\/td><td class=\"column-2\">Comptabilit\u00e9<\/td><td class=\"column-3\">2010<\/td><td class=\"column-4\">1\/2 licence<\/td><td class=\"column-5\">IGEC<\/td>\n<\/tr>\n<tr class=\"row-13\">\n\t<td class=\"column-1\">PIERRE Gubert<\/td><td class=\"column-2\">Comptabilit\u00e9<\/td><td class=\"column-3\">2010<\/td><td class=\"column-4\">1\/2 licence<\/td><td class=\"column-5\">IGEC<\/td>\n<\/tr>\n<tr class=\"row-14\">\n\t<td class=\"column-1\">ARISTIDE Hermithe<\/td><td class=\"column-2\">Gestion<\/td><td class=\"column-3\">2010<\/td><td class=\"column-4\">1\/2 licence<\/td><td class=\"column-5\">POLYTEC<\/td>\n<\/tr>\n<tr class=\"row-15\">\n\t<td class=\"column-1\">ALLY Lury<\/td><td class=\"column-2\">Agriculture<\/td><td class=\"column-3\">2010<\/td><td class=\"column-4\">1\/2 licence<\/td><td class=\"column-5\">POLYTEC<\/td>\n<\/tr>\n<tr class=\"row-16\">\n\t<td class=\"column-1\">ISRAEL Oberson<\/td><td class=\"column-2\">Agriculture<\/td><td class=\"column-3\">2010<\/td><td class=\"column-4\">1\/2 licence<\/td><td class=\"column-5\">POLYTEC<\/td>\n<\/tr>\n<tr class=\"row-17\">\n\t<td class=\"column-1\">PIERRE Phanord<\/td><td class=\"column-2\">Agriculture<\/td><td class=\"column-3\">2010<\/td><td class=\"column-4\">1\/2 licence<\/td><td class=\"column-5\">POLYTEC<\/td>\n<\/tr>\n<tr class=\"row-18\">\n\t<td class=\"column-1\">PIERRE Gubert<\/td><td class=\"column-2\">Agriculture<\/td><td class=\"column-3\">2010<\/td><td class=\"column-4\">1\/2 licence<\/td><td class=\"column-5\">POLYTEC<\/td>\n<\/tr>\n<\/tbody>\n<\/table>\n<!-- #tablepress-3 from cache --><\/div>\n\t\t<\/div><\/div><\/div><\/div>","protected":false},"excerpt":{"rendered":"<p>Diplom\u00e9DisciplineDateDipl\u00f4meObservation ANEAS LucnerComptabilit\u00e920101\/2 licenceIGEC BALDE VenesComptabilit\u00e920101\/2 licenceIGEC BYCYNTHE EdgardComptabilit\u00e920101\/2 licenceIGEC ETIENNE JocelynComptabilit\u00e920101\/2 licenceIGEC GEORGES Marie-AlineComptabilit\u00e920101\/2 licencePOLYTEC JEAN PHILIPPE JamesComptabilit\u00e920101\/2 licencePOLYTEC JOANNIS J\u00e9huComptabilit\u00e920101\/2 licenceIGEC MONFISTON J. JocelinComptabilit\u00e920101\/2 licenceIGEC PANOSKY WilgaComptabilit\u00e920101\/2 licencePOLYTEC PHILOME HemaneComptabilit\u00e920101\/2 licenceIGEC PIERRE F\u00e9lixComptabilit\u00e920101\/2 licenceIGEC PIERRE GubertComptabilit\u00e920101\/2 licenceIGEC ARISTIDE HermitheGestion20101\/2 licencePOLYTEC ALLY LuryAgriculture20101\/2 licencePOLYTEC ISRAEL ObersonAgriculture20101\/2 licencePOLYTEC PIERRE PhanordAgriculture20101\/2 licencePOLYTEC PIERRE GubertAgriculture20101\/2 licencePOLYTEC<\/p>\n","protected":false},"author":1,"featured_media":0,"parent":0,"menu_order":0,"comment_status":"closed","ping_status":"closed","template":"","meta":{"footnotes":""},"class_list":["post-317","page","type-page","status-publish","hentry"],"_links":{"self":[{"href":"https:\/\/uni-jpm-hinche.org\/index.php\/wp-json\/wp\/v2\/pages\/317","targetHints":{"allow":["GET"]}}],"collection":[{"href":"https:\/\/uni-jpm-hinche.org\/index.php\/wp-json\/wp\/v2\/pages"}],"about":[{"href":"https:\/\/uni-jpm-hinche.org\/index.php\/wp-json\/wp\/v2\/types\/page"}],"author":[{"embeddable":true,"href":"https:\/\/uni-jpm-hinche.org\/index.php\/wp-json\/wp\/v2\/users\/1"}],"replies":[{"embeddable":true,"href":"https:\/\/uni-jpm-hinche.org\/index.php\/wp-json\/wp\/v2\/comments?post=317"}],"version-history":[{"count":2,"href":"https:\/\/uni-jpm-hinche.org\/index.php\/wp-json\/wp\/v2\/pages\/317\/revisions"}],"predecessor-version":[{"id":335,"href":"https:\/\/uni-jpm-hinche.org\/index.php\/wp-json\/wp\/v2\/pages\/317\/revisions\/335"}],"wp:attachment":[{"href":"https:\/\/uni-jpm-hinche.org\/index.php\/wp-json\/wp\/v2\/media?parent=317"}],"curies":[{"name":"wp","href":"https:\/\/api.w.org\/{rel}","templated":true}]}}