{"id":361,"date":"2015-11-17T18:19:23","date_gmt":"2015-11-17T17:19:23","guid":{"rendered":"http:\/\/uni-jpm-hinche.org\/?page_id=361"},"modified":"2025-04-07T15:54:38","modified_gmt":"2025-04-07T14:54:38","slug":"gestion-d-entreprise","status":"publish","type":"page","link":"https:\/\/uni-jpm-hinche.org\/index.php\/gestion-d-entreprise\/","title":{"rendered":"Gestion d&rsquo;entreprise"},"content":{"rendered":"\n<figure class=\"wp-block-table table table-condensed table-bordered\"><table class=\"has-fixed-layout\"><thead><tr><th><strong>P\u00e9riode<\/strong><\/th><th><strong>Code<\/strong><\/th><th><strong>Cours<\/strong><\/th><th><strong>Cr\u00e9dits<\/strong><\/th><\/tr><\/thead><tbody><tr><td rowspan=\"6\">Sem 1<\/td><td>COM1100<\/td><td>Comptabilit\u00e9 1<\/td><td>3<\/td><\/tr><tr><td>ECO1100<\/td><td>Micro\u00e9conomie<\/td><td>3<\/td><\/tr><tr><td>FRA1000<\/td><td>Communication fran\u00e7aise<\/td><td>3<\/td><\/tr><tr><td>GES1005<\/td><td>Gestion d&rsquo;entreprise 1<\/td><td>3<\/td><\/tr><tr><td>MAT1000<\/td><td>Math\u00e9matiques g\u00e9n\u00e9rales<\/td><td>3<\/td><\/tr><tr><td>STA1000<\/td><td>Statistique descriptive<\/td><td>3<\/td><\/tr><tr><td colspan=\"4\"><\/td><\/tr><tr><td rowspan=\"6\">Sem 2<\/td><td>COM1105<\/td><td>Comptabilit\u00e9 2<\/td><td>3<\/td><\/tr><tr><td>ECO1150<\/td><td>Macro\u00e9conomie<\/td><td>3<\/td><\/tr><tr><td>ESP1000<\/td><td>Communication espagnole<\/td><td>3<\/td><\/tr><tr><td>GES1010<\/td><td>Gestion d&rsquo;entreprise 2<\/td><td>3<\/td><\/tr><tr><td>DRT1050<\/td><td>Droit des affaires<\/td><td>3<\/td><\/tr><tr><td>MAT1100<\/td><td>Math\u00e9matiques financi\u00e8res<\/td><td>3<\/td><\/tr><tr><td colspan=\"4\"><\/td><\/tr><tr><td rowspan=\"6\">Sem 3<\/td><td>MAR1000<\/td><td>Marketing 1<\/td><td>3<\/td><\/tr><tr><td>COM1110<\/td><td>Comptabilit\u00e9 analytique<\/td><td>3<\/td><\/tr><tr><td>GES1015<\/td><td>Gest des ressources humaines<\/td><td>3<\/td><\/tr><tr><td>FIN1000<\/td><td>Gestion financi\u00e8re<\/td><td>3<\/td><\/tr><tr><td>INF1000<\/td><td>Informatique de gestion 1<\/td><td>3<\/td><\/tr><tr><td>ANG1000<\/td><td>Communication anglaise<\/td><td>3<\/td><\/tr><tr><td colspan=\"4\"><\/td><\/tr><tr><td rowspan=\"6\">Sem 4<\/td><td>MAR1040<\/td><td>Marketing 2<\/td><td>3<\/td><\/tr><tr><td>INF1050<\/td><td>Comptabilit\u00e9 informatis\u00e9e 1<\/td><td>3<\/td><\/tr><tr><td>GES1020<\/td><td>Gestion de la production<\/td><td>3<\/td><\/tr><tr><td>FIS1000<\/td><td>Fiscalit\u00e9 1<\/td><td>3<\/td><\/tr><tr><td>GES1025<\/td><td>Gestion des projets<\/td><td>3<\/td><\/tr><tr><td>FIN1050<\/td><td>Analyse financi\u00e8re<\/td><td>3<\/td><\/tr><tr><td colspan=\"4\"><\/td><\/tr><tr><td rowspan=\"6\">Sem 5<\/td><td>GES1030<\/td><td>Gestion immobili\u00e8re<\/td><td>3<\/td><\/tr><tr><td>FIS1050<\/td><td>Fiscalit\u00e9 2<\/td><td>3<\/td><\/tr><tr><td>COM1250<\/td><td>Contr\u00f4le de gestion<\/td><td>3<\/td><\/tr><tr><td>BAN1000<\/td><td>Techniques bancaires<\/td><td>3<\/td><\/tr><tr><td>GES1035<\/td><td>Gestion des coop\u00e9ratives<\/td><td>3<\/td><\/tr><tr><td>STA1150<\/td><td>Prob. &amp; inf\u00e9rence statistique<\/td><td>4<\/td><\/tr><tr><td colspan=\"4\"><\/td><\/tr><tr><td rowspan=\"6\">Sem 6<\/td><td>ADM1000<\/td><td>Administration publique<\/td><td>3<\/td><\/tr><tr><td>GES1040<\/td><td>Audit op\u00e9rationnel<\/td><td>3<\/td><\/tr><tr><td>GES1045<\/td><td>Gestion de la qualit\u00e9<\/td><td>3<\/td><\/tr><tr><td>ASS1000<\/td><td>Techniques d&rsquo;assurances<\/td><td>3<\/td><\/tr><tr><td>INF1150<\/td><td>Politique \u00e9conomique<\/td><td>3<\/td><\/tr><tr><td>MAT1200<\/td><td>Mod\u00e9lisation math\u00e9matique<\/td><td>3<\/td><\/tr><tr><td colspan=\"4\"><\/td><\/tr><tr><td rowspan=\"6\">Sem 7<\/td><td>COM1600<\/td><td>Communication<\/td><td>3<\/td><\/tr><tr><td>GES1090<\/td><td>Gestion des risques<\/td><td>3<\/td><\/tr><tr><td>GES1155<\/td><td>Budg\u00e9tisation<\/td><td>2<\/td><\/tr><tr><td>COM1900<\/td><td>Processus de d\u00e9cision<\/td><td>3<\/td><\/tr><tr><td>MAT1260<\/td><td>Techniques de sondage<\/td><td>3<\/td><\/tr><tr><td>MET1100<\/td><td>M\u00e9thodologie de la recherche<\/td><td>3<\/td><\/tr><tr><td colspan=\"4\"><\/td><\/tr><tr><td rowspan=\"7\">Sem 8<\/td><td>COM1650<\/td><td>Cr\u00e9ation d&rsquo;entreprise<\/td><td>3<\/td><\/tr><tr><td>COM1800<\/td><td>Gestion des conflits<\/td><td>3<\/td><\/tr><tr><td>GES1200<\/td><td>Strat\u00e9gies d&rsquo;entreprise<\/td><td>2<\/td><\/tr><tr><td>MET1200<\/td><td>M\u00e9thodes de pr\u00e9vision<\/td><td>3<\/td><\/tr><tr><td>MAT1250<\/td><td>Math\u00e9matiques actuarielles<\/td><td>4<\/td><\/tr><tr><td><\/td><td><\/td><td><\/td><\/tr><tr><td>MEM1000<\/td><td>M\u00e9moire et soutenance<\/td><td>20<\/td><\/tr><tr><td colspan=\"4\"><\/td><\/tr><tr><td colspan=\"3\">Total des cr\u00e9dits<\/td><td>160<\/td><\/tr><\/tbody><\/table><\/figure>\n","protected":false},"excerpt":{"rendered":"<p>P\u00e9riode Code Cours Cr\u00e9dits Sem 1 COM1100 Comptabilit\u00e9 1 3 ECO1100 Micro\u00e9conomie 3 FRA1000 Communication fran\u00e7aise 3 GES1005 Gestion d&rsquo;entreprise 1 3 MAT1000 Math\u00e9matiques g\u00e9n\u00e9rales 3 STA1000 Statistique descriptive 3 Sem 2 COM1105 Comptabilit\u00e9 2 3 ECO1150 Macro\u00e9conomie 3 ESP1000 Communication espagnole 3 GES1010 Gestion d&rsquo;entreprise 2 3 DRT1050 Droit des affaires 3 MAT1100 Math\u00e9matiques [&hellip;]<\/p>\n","protected":false},"author":1,"featured_media":0,"parent":0,"menu_order":0,"comment_status":"closed","ping_status":"closed","template":"","meta":{"footnotes":""},"class_list":["post-361","page","type-page","status-publish","hentry"],"_links":{"self":[{"href":"https:\/\/uni-jpm-hinche.org\/index.php\/wp-json\/wp\/v2\/pages\/361","targetHints":{"allow":["GET"]}}],"collection":[{"href":"https:\/\/uni-jpm-hinche.org\/index.php\/wp-json\/wp\/v2\/pages"}],"about":[{"href":"https:\/\/uni-jpm-hinche.org\/index.php\/wp-json\/wp\/v2\/types\/page"}],"author":[{"embeddable":true,"href":"https:\/\/uni-jpm-hinche.org\/index.php\/wp-json\/wp\/v2\/users\/1"}],"replies":[{"embeddable":true,"href":"https:\/\/uni-jpm-hinche.org\/index.php\/wp-json\/wp\/v2\/comments?post=361"}],"version-history":[{"count":2,"href":"https:\/\/uni-jpm-hinche.org\/index.php\/wp-json\/wp\/v2\/pages\/361\/revisions"}],"predecessor-version":[{"id":578,"href":"https:\/\/uni-jpm-hinche.org\/index.php\/wp-json\/wp\/v2\/pages\/361\/revisions\/578"}],"wp:attachment":[{"href":"https:\/\/uni-jpm-hinche.org\/index.php\/wp-json\/wp\/v2\/media?parent=361"}],"curies":[{"name":"wp","href":"https:\/\/api.w.org\/{rel}","templated":true}]}}