{"id":436,"date":"2020-06-02T22:40:33","date_gmt":"2020-06-02T21:40:33","guid":{"rendered":"http:\/\/uni-jpm-hinche.org\/?page_id=436"},"modified":"2025-03-02T19:22:24","modified_gmt":"2025-03-02T18:22:24","slug":"etudiants-doctorants","status":"publish","type":"page","link":"https:\/\/uni-jpm-hinche.org\/index.php\/college-doctoral\/etudiants-doctorants\/","title":{"rendered":"ETUDIANTS DOCTORANTS"},"content":{"rendered":"\n<div class=\"wp-block-columns is-layout-flex wp-container-core-columns-is-layout-9d6595d7 wp-block-columns-is-layout-flex\">\n<div class=\"wp-block-column is-layout-flow wp-block-column-is-layout-flow\" style=\"flex-basis:100%\"><\/div>\n<\/div>\n\n\n\n<figure class=\"wp-block-table\"><table class=\"has-fixed-layout\"><tbody><tr><th>\n<h3>Etudiants doctorants par sp\u00e9cialisation:<\/h3>\n<\/th><\/tr><tr><td>\n<strong>Relations \u00e9conomiques internationales <\/strong>\n<br> Brizard Wodgeze\n<br>Charles Maqueinder \n<br>Ma\u00eetre Lyps \n<br>Richard Clodanor\n<\/td><\/tr><tr><td><strong>Droit administratif <\/strong> <br>Altidor Viette<br>D\u00e9cialus Ch\u00e9ly<br>Donatien Ronald<br>Marcellus Yvenor<br>Montas Emmanuel<\/td><\/tr><tr><td><strong>Droit fiscal<\/strong> <br>Blanc Marie <br>Brizard&nbsp; R. David <br>Cass\u00e9us Guy <br>Duverglas Edrass <br>Pierre R\u00e9nald<\/td><\/tr><tr><td><strong>Droit p\u00e9nal <\/strong> <br>Michel Adias<br>Moly Maxis<br>Pierre Zachary<br>Simon Vernet<\/td><\/tr><tr><td><strong>Droit de l&rsquo;environnement <\/strong> <br>Fils-Aim\u00e9 G. Ilrick <br>Ortella&nbsp; Prudent <br>Richard Mol\u00e9on <br>Th\u00e9odort Max<\/td><\/tr><\/tbody><\/table><\/figure>\n\n\n\n<p><\/p>\n","protected":false},"excerpt":{"rendered":"<p>Etudiants doctorants par sp\u00e9cialisation: Relations \u00e9conomiques internationales Brizard Wodgeze Charles Maqueinder Ma\u00eetre Lyps Richard Clodanor Droit administratif Altidor VietteD\u00e9cialus Ch\u00e9lyDonatien RonaldMarcellus YvenorMontas Emmanuel Droit fiscal Blanc Marie Brizard&nbsp; R. David Cass\u00e9us Guy Duverglas Edrass Pierre R\u00e9nald Droit p\u00e9nal Michel AdiasMoly MaxisPierre ZacharySimon Vernet Droit de l&rsquo;environnement Fils-Aim\u00e9 G. Ilrick Ortella&nbsp; Prudent Richard Mol\u00e9on Th\u00e9odort Max<\/p>\n","protected":false},"author":2,"featured_media":0,"parent":408,"menu_order":0,"comment_status":"closed","ping_status":"closed","template":"","meta":{"footnotes":""},"class_list":["post-436","page","type-page","status-publish","hentry"],"_links":{"self":[{"href":"https:\/\/uni-jpm-hinche.org\/index.php\/wp-json\/wp\/v2\/pages\/436","targetHints":{"allow":["GET"]}}],"collection":[{"href":"https:\/\/uni-jpm-hinche.org\/index.php\/wp-json\/wp\/v2\/pages"}],"about":[{"href":"https:\/\/uni-jpm-hinche.org\/index.php\/wp-json\/wp\/v2\/types\/page"}],"author":[{"embeddable":true,"href":"https:\/\/uni-jpm-hinche.org\/index.php\/wp-json\/wp\/v2\/users\/2"}],"replies":[{"embeddable":true,"href":"https:\/\/uni-jpm-hinche.org\/index.php\/wp-json\/wp\/v2\/comments?post=436"}],"version-history":[{"count":13,"href":"https:\/\/uni-jpm-hinche.org\/index.php\/wp-json\/wp\/v2\/pages\/436\/revisions"}],"predecessor-version":[{"id":551,"href":"https:\/\/uni-jpm-hinche.org\/index.php\/wp-json\/wp\/v2\/pages\/436\/revisions\/551"}],"up":[{"embeddable":true,"href":"https:\/\/uni-jpm-hinche.org\/index.php\/wp-json\/wp\/v2\/pages\/408"}],"wp:attachment":[{"href":"https:\/\/uni-jpm-hinche.org\/index.php\/wp-json\/wp\/v2\/media?parent=436"}],"curies":[{"name":"wp","href":"https:\/\/api.w.org\/{rel}","templated":true}]}}