{"id":711,"date":"2025-04-10T12:38:28","date_gmt":"2025-04-10T11:38:28","guid":{"rendered":"https:\/\/uni-jpm-hinche.org\/?page_id=711"},"modified":"2025-04-10T14:08:53","modified_gmt":"2025-04-10T13:08:53","slug":"licence-en-agronomie-option-amenagement-des-ressources-naturelles","status":"publish","type":"page","link":"https:\/\/uni-jpm-hinche.org\/index.php\/facultes\/licence-en-agronomie-option-amenagement-des-ressources-naturelles\/","title":{"rendered":"Licence en Agronomie option Am\u00e9nagement des Ressources Naturelles"},"content":{"rendered":"<table class=\"table table-condensed table-bordered\">\n<caption>Facult\u00e9:\u00a0Sciences juridiques<\/caption>\n<thead>\n<tr>\n<th style=\"text-align: center;\"><strong>P\u00e9riode<\/strong><\/th>\n<th style=\"text-align: center;\"><strong>Code<\/strong><\/th>\n<th style=\"text-align: center;\"><strong>Cours<\/strong><\/th>\n<th style=\"text-align: center;\"><strong>Cr\u00e9dits<\/strong><\/th>\n<\/tr>\n<\/thead>\n<tbody>\n<tr>\n<td style=\"text-align: center; vertical-align: middle;\" rowspan=\"6\">Sem 1<\/td>\n<td><\/td>\n<td>Droit de la concurrence<\/td>\n<td style=\"text-align: right;\">3<\/td>\n<\/tr>\n<tr>\n<td><\/td>\n<td>La bourse et les soci\u00e9t\u00e9s cot\u00e9es<\/td>\n<td style=\"text-align: right;\">3<\/td>\n<\/tr>\n<tr>\n<td><\/td>\n<td>Fiscalit\u00e9 de l&rsquo;entreprise<\/td>\n<td style=\"text-align: right;\">3<\/td>\n<\/tr>\n<tr>\n<td><\/td>\n<td>Droit p\u00e9nal \u00e9conomique<\/td>\n<td style=\"text-align: right;\">3<\/td>\n<\/tr>\n<tr>\n<td><\/td>\n<td>Arbitrage international<\/td>\n<td style=\"text-align: right;\">3<\/td>\n<\/tr>\n<tr>\n<td><\/td>\n<td>Comptabilit\u00e9 financi\u00e8re<\/td>\n<td style=\"text-align: right;\">3<\/td>\n<\/tr>\n<tr>\n<td colspan=\"4\"><\/td>\n<\/tr>\n<tr>\n<td style=\"text-align: center; vertical-align: middle;\" rowspan=\"5\">Sem 2<\/td>\n<td><\/td>\n<td>Les contrats de dur\u00e9e<\/td>\n<td style=\"text-align: right;\">3<\/td>\n<\/tr>\n<tr>\n<td><\/td>\n<td>Fusions et acquisitions<\/td>\n<td style=\"text-align: right;\">3<\/td>\n<\/tr>\n<tr>\n<td><\/td>\n<td>Analyse \u00e9conomique du droit<\/td>\n<td style=\"text-align: right;\">3<\/td>\n<\/tr>\n<tr>\n<td><\/td>\n<td>La vente internationale de marchandises<\/td>\n<td style=\"text-align: right;\">3<\/td>\n<\/tr>\n<tr>\n<td><\/td>\n<td>Droit bancaire et financier<\/td>\n<td style=\"text-align: right;\">3<\/td>\n<\/tr>\n<tr>\n<td colspan=\"4\"><\/td>\n<\/tr>\n<tr>\n<td style=\"text-align: center; vertical-align: middle;\" rowspan=\"5\">Sem 3<\/td>\n<td><\/td>\n<td>Les garanties du commerce international<\/td>\n<td style=\"text-align: right;\">3<\/td>\n<\/tr>\n<tr>\n<td><\/td>\n<td>Droit fiscal international compar\u00e9<\/td>\n<td style=\"text-align: right;\">3<\/td>\n<\/tr>\n<tr>\n<td><\/td>\n<td>Droit des constructions et du logement<\/td>\n<td style=\"text-align: right;\">3<\/td>\n<\/tr>\n<tr>\n<td><\/td>\n<td>Les relations \u00e9conomiques en droit international priv\u00e9<\/td>\n<td style=\"text-align: right;\">3<\/td>\n<\/tr>\n<tr>\n<td><\/td>\n<td>Droit international de la propri\u00e9t\u00e9 intellectuelle<\/td>\n<td style=\"text-align: right;\">3<\/td>\n<\/tr>\n<tr>\n<td colspan=\"4\"><\/td>\n<\/tr>\n<tr>\n<td style=\"text-align: center; vertical-align: middle;\" rowspan=\"7\">Sem 4<\/td>\n<td><\/td>\n<td>Organisations administratives et march\u00e9s publics<\/td>\n<td style=\"text-align: right;\">3<\/td>\n<\/tr>\n<tr>\n<td><\/td>\n<td>Droit de l&rsquo;environnement \/ am\u00e9nagement du territoire<\/td>\n<td style=\"text-align: right;\">3<\/td>\n<\/tr>\n<tr>\n<td><\/td>\n<td>Droit des march\u00e9s et interm\u00e9diaires financiers<\/td>\n<td style=\"text-align: right;\">3<\/td>\n<\/tr>\n<tr>\n<td><\/td>\n<td>Soci\u00e9t\u00e9 Holding et restructurations<\/td>\n<td style=\"text-align: right;\">3<\/td>\n<\/tr>\n<tr>\n<td><\/td>\n<td>M\u00e9thodologie de la recherche (m\u00e9moire)<\/td>\n<td style=\"text-align: right;\">3<\/td>\n<\/tr>\n<tr>\n<td><\/td>\n<td><\/td>\n<td style=\"text-align: right;\"><\/td>\n<\/tr>\n<tr>\n<td><\/td>\n<td>M\u00e9moire<\/td>\n<td style=\"text-align: right;\">30<\/td>\n<\/tr>\n<tr>\n<td colspan=\"4\"><\/td>\n<\/tr>\n<tr class=\"active\">\n<td colspan=\"3\">Total des cr\u00e9dits<\/td>\n<td style=\"text-align: right;\">93<\/td>\n<\/tr>\n<\/tbody>\n<\/table>\n\n\n<p><\/p>\n","protected":false},"excerpt":{"rendered":"<p>Facult\u00e9:\u00a0Sciences juridiques P\u00e9riode Code Cours Cr\u00e9dits Sem 1 Droit de la concurrence 3 La bourse et les soci\u00e9t\u00e9s cot\u00e9es 3 Fiscalit\u00e9 de l&rsquo;entreprise 3 Droit p\u00e9nal \u00e9conomique 3 Arbitrage international 3 Comptabilit\u00e9 financi\u00e8re 3 Sem 2 Les contrats de dur\u00e9e 3 Fusions et acquisitions 3 Analyse \u00e9conomique du droit 3 La vente internationale de marchandises [&hellip;]<\/p>\n","protected":false},"author":1,"featured_media":0,"parent":93,"menu_order":0,"comment_status":"closed","ping_status":"closed","template":"","meta":{"footnotes":""},"class_list":["post-711","page","type-page","status-publish","hentry"],"_links":{"self":[{"href":"https:\/\/uni-jpm-hinche.org\/index.php\/wp-json\/wp\/v2\/pages\/711","targetHints":{"allow":["GET"]}}],"collection":[{"href":"https:\/\/uni-jpm-hinche.org\/index.php\/wp-json\/wp\/v2\/pages"}],"about":[{"href":"https:\/\/uni-jpm-hinche.org\/index.php\/wp-json\/wp\/v2\/types\/page"}],"author":[{"embeddable":true,"href":"https:\/\/uni-jpm-hinche.org\/index.php\/wp-json\/wp\/v2\/users\/1"}],"replies":[{"embeddable":true,"href":"https:\/\/uni-jpm-hinche.org\/index.php\/wp-json\/wp\/v2\/comments?post=711"}],"version-history":[{"count":2,"href":"https:\/\/uni-jpm-hinche.org\/index.php\/wp-json\/wp\/v2\/pages\/711\/revisions"}],"predecessor-version":[{"id":716,"href":"https:\/\/uni-jpm-hinche.org\/index.php\/wp-json\/wp\/v2\/pages\/711\/revisions\/716"}],"up":[{"embeddable":true,"href":"https:\/\/uni-jpm-hinche.org\/index.php\/wp-json\/wp\/v2\/pages\/93"}],"wp:attachment":[{"href":"https:\/\/uni-jpm-hinche.org\/index.php\/wp-json\/wp\/v2\/media?parent=711"}],"curies":[{"name":"wp","href":"https:\/\/api.w.org\/{rel}","templated":true}]}}