{"id":729,"date":"2025-07-10T15:01:59","date_gmt":"2025-07-10T14:01:59","guid":{"rendered":"https:\/\/uni-jpm-hinche.org\/?page_id=729"},"modified":"2025-07-10T15:02:00","modified_gmt":"2025-07-10T14:02:00","slug":"collaborateurs","status":"publish","type":"page","link":"https:\/\/uni-jpm-hinche.org\/index.php\/college-doctoral\/collaborateurs\/","title":{"rendered":"COLLABORATEURS"},"content":{"rendered":"\n<div class=\"wp-block-columns is-layout-flex wp-container-core-columns-is-layout-9d6595d7 wp-block-columns-is-layout-flex\">\n<div class=\"wp-block-column is-layout-flow wp-block-column-is-layout-flow\" style=\"flex-basis:100%\"><\/div>\n<\/div>\n\n\n\n<figure class=\"wp-block-table\"><table class=\"has-fixed-layout\"><tbody><tr><th>\n<h3>ADMINISTRATION et CORPS ACADEMIQUE<\/h3>\n<\/th>\n<\/tr><tr>\n<tr><td><strong>RECTORAT<\/strong><\/td><\/tr>\n<td> <strong>Jean Claude Fran\u00e7ois<\/strong> (Recteur)\n<br>+509 36 56 66 89\n<br>e-mail: jcfrancois@ujpm.org \n<\/td><\/tr>\n<tr><td><strong>SECRETARIAT<\/strong><\/td><\/tr>\n<td><strong>Ros\u00e9 Jean Saint-Luc <\/strong> (Secr\u00e9taire g\u00e9n\u00e9ral)\n<br>+509 33 53 83 00\n<br>e-mail: @ujpm.org \n<br><strong>Dieuly Pierre <\/strong>(Registraire) \n<br>+509 40 56 95 17\n<br>e-mail: @ujpm.org \n<br><strong>Elianie Emmanuel<\/strong> (Secr\u00e9taire, Comptable)\n<br>+509 43 83 63 50\n<br>e-mail: @ujpm.org \n<\/td><\/tr>\n<tr><td><strong>ENSEIGNANTS<\/strong> \n<br><strong>Jean Claude Fran\u00e7ois<\/strong> Economie \/ Gestion \/ D\u00e9veloppement\n<br>e-mail: jcfrancois@ujpm.org \n<br><strong>Maria-Isabel Haroon<\/strong> Architecture \/ Urbanisme \/ Informatique \n<br>e-mail: maribel@ujpm.org \n<br><strong>Gelin Collot<\/strong> Droit Public \n<br>e-mail:@ujpm.org \n<br><strong>Guerby Blaise<\/strong> Droit P\u00e9nal \n<br>e-mail:@ujpm.org \n<br><strong>Mirlande Butler<\/strong> Administration\n<br>e-mail:@ujpm.org \n<\/td><\/tr><\/tbody><\/table><\/figure>\n\n\n<\/figure>\n<!-- \/wp:post-content -->\n\n<!-- wp:paragraph -->\n<p><\/p>\n<!-- \/wp:paragraph -->","protected":false},"excerpt":{"rendered":"<p>ADMINISTRATION et CORPS ACADEMIQUE RECTORAT Jean Claude Fran\u00e7ois (Recteur) +509 36 56 66 89 e-mail: jcfrancois@ujpm.org SECRETARIAT Ros\u00e9 Jean Saint-Luc (Secr\u00e9taire g\u00e9n\u00e9ral) +509 33 53 83 00 e-mail: @ujpm.org Dieuly Pierre (Registraire) +509 40 56 95 17 e-mail: @ujpm.org Elianie Emmanuel (Secr\u00e9taire, Comptable) +509 43 83 63 50 e-mail: @ujpm.org ENSEIGNANTS Jean Claude Fran\u00e7ois Economie [&hellip;]<\/p>\n","protected":false},"author":1,"featured_media":0,"parent":408,"menu_order":0,"comment_status":"closed","ping_status":"closed","template":"","meta":{"footnotes":""},"class_list":["post-729","page","type-page","status-publish","hentry"],"_links":{"self":[{"href":"https:\/\/uni-jpm-hinche.org\/index.php\/wp-json\/wp\/v2\/pages\/729","targetHints":{"allow":["GET"]}}],"collection":[{"href":"https:\/\/uni-jpm-hinche.org\/index.php\/wp-json\/wp\/v2\/pages"}],"about":[{"href":"https:\/\/uni-jpm-hinche.org\/index.php\/wp-json\/wp\/v2\/types\/page"}],"author":[{"embeddable":true,"href":"https:\/\/uni-jpm-hinche.org\/index.php\/wp-json\/wp\/v2\/users\/1"}],"replies":[{"embeddable":true,"href":"https:\/\/uni-jpm-hinche.org\/index.php\/wp-json\/wp\/v2\/comments?post=729"}],"version-history":[{"count":13,"href":"https:\/\/uni-jpm-hinche.org\/index.php\/wp-json\/wp\/v2\/pages\/729\/revisions"}],"predecessor-version":[{"id":742,"href":"https:\/\/uni-jpm-hinche.org\/index.php\/wp-json\/wp\/v2\/pages\/729\/revisions\/742"}],"up":[{"embeddable":true,"href":"https:\/\/uni-jpm-hinche.org\/index.php\/wp-json\/wp\/v2\/pages\/408"}],"wp:attachment":[{"href":"https:\/\/uni-jpm-hinche.org\/index.php\/wp-json\/wp\/v2\/media?parent=729"}],"curies":[{"name":"wp","href":"https:\/\/api.w.org\/{rel}","templated":true}]}}